{"id":7560,"date":"2026-02-04T11:34:50","date_gmt":"2026-02-04T10:34:50","guid":{"rendered":"https:\/\/colegio.ciamariasantiago.org\/grazas-portas-abertas-secundaria-2026\/"},"modified":"2026-02-11T13:46:57","modified_gmt":"2026-02-11T12:46:57","slug":"grazas-portas-abertas-secundaria-2026","status":"publish","type":"page","link":"https:\/\/colegio.ciamariasantiago.org\/gl\/grazas-portas-abertas-secundaria-2026\/","title":{"rendered":"Grazas Portas Abertas Secundaria 2026"},"content":{"rendered":"\t\t<div data-elementor-type=\"wp-page\" data-elementor-id=\"7560\" class=\"elementor elementor-7560 elementor-7282\">\n\t\t\t\t\t\t<section class=\"elementor-section elementor-top-section elementor-element elementor-element-3c03da7 elementor-section-boxed elementor-section-height-default elementor-section-height-default\" data-id=\"3c03da7\" data-element_type=\"section\">\r\n\t\t\t\t\t\t<div class=\"elementor-container elementor-column-gap-default jws_section_\" >\r\n\t\t\t\t<div class=\"elementor-column elementor-col-100 elementor-top-column elementor-element elementor-element-440d20f\" data-id=\"440d20f\" data-element_type=\"column\">\n\t\t\t<div class=\"elementor-widget-wrap elementor-element-populated\">\n\t\t\t\t\t\t<div class=\"elementor-element elementor-element-a26f482 elementor-widget elementor-widget-image\" data-id=\"a26f482\" data-element_type=\"widget\" data-widget_type=\"image.default\">\n\t\t\t\t<div class=\"elementor-widget-container\">\n\t\t\t\t\t\t\t\t\t\t\t\t\t<img decoding=\"async\" src=\"https:\/\/colegio.ciamariasantiago.org\/wp-content\/uploads\/2024\/03\/cropped-favicon.png\" title=\"cropped-favicon.png\" alt=\"compa\u00f1\u00eda mar\u00eda santiago\" loading=\"lazy\" \/>\t\t\t\t\t\t\t\t\t\t\t\t\t<\/div>\n\t\t\t\t<\/div>\n\t\t\t\t<div class=\"elementor-element elementor-element-8809cb7 elementor-widget elementor-widget-heading\" data-id=\"8809cb7\" data-element_type=\"widget\" data-widget_type=\"heading.default\">\n\t\t\t\t<div class=\"elementor-widget-container\">\n\t\t\t<h2 class=\"elementor-heading-title elementor-size-default\">GRAZAS!<\/h2>\t\t<\/div>\n\t\t\t\t<\/div>\n\t\t\t\t<div class=\"elementor-element elementor-element-e9f6316 elementor-widget elementor-widget-text-editor\" data-id=\"e9f6316\" data-element_type=\"widget\" data-widget_type=\"text-editor.default\">\n\t\t\t\t<div class=\"elementor-widget-container\">\n\t\t\t\t\t\t\tO teu formulario foi enviado correctamente.\n<br>Contactar\u00e9mosche en breve.\t\t\t\t\t\t<\/div>\n\t\t\t\t<\/div>\n\t\t\t\t<div class=\"elementor-element elementor-element-b0a76e7 elementor-align-center elementor-widget elementor-widget-button\" data-id=\"b0a76e7\" data-element_type=\"widget\" data-widget_type=\"button.default\">\n\t\t\t\t<div class=\"elementor-widget-container\">\n\t\t\t\t\t\t\t<div class=\"elementor-button-wrapper\">\n\t\t\t\t\t<a class=\"elementor-button elementor-button-link elementor-size-sm\" href=\"\/gl\/portas-abertas-secundaria\/\">\n\t\t\t\t\t\t<span class=\"elementor-button-content-wrapper\">\n\t\t\t\t\t\t\t\t\t<span class=\"elementor-button-text\">Volver <\/span>\n\t\t\t\t\t<\/span>\n\t\t\t\t\t<\/a>\n\t\t\t\t<\/div>\n\t\t\t\t\t\t<\/div>\n\t\t\t\t<\/div>\n\t\t\t\t\t<\/div>\n\t\t<\/div>\n\t\t\t\t      \r\n            \r\n              \r\n            \r\n            \t\r\n\t\t\t<\/div>\r\n\t\t<\/section>\r\n\t\t\t\t<\/div>\n\t\t","protected":false},"excerpt":{"rendered":"<p>GRAZAS! O teu formulario foi enviado correctamente. Contactar\u00e9mosche en breve. Volver<\/p>\n","protected":false},"author":1,"featured_media":0,"parent":0,"menu_order":0,"comment_status":"closed","ping_status":"closed","template":"","meta":{"footnotes":""},"class_list":["post-7560","page","type-page","status-publish","hentry"],"yoast_head":"<!-- This site is optimized with the Yoast SEO plugin v26.7 - https:\/\/yoast.com\/wordpress\/plugins\/seo\/ -->\n<title>Grazas Portas Abertas Secundaria 2026 | Colexio Compa\u00f1\u00eda de Mar\u00eda<\/title>\n<meta name=\"robots\" content=\"noindex, nofollow\" \/>\n<meta property=\"og:locale\" content=\"gl_ES\" \/>\n<meta property=\"og:type\" content=\"article\" \/>\n<meta property=\"og:title\" content=\"Grazas Portas Abertas Secundaria 2026 | Colexio Compa\u00f1\u00eda de Mar\u00eda\" \/>\n<meta property=\"og:description\" content=\"GRAZAS! O teu formulario foi enviado correctamente. Contactar\u00e9mosche en breve. Volver\" \/>\n<meta property=\"og:url\" content=\"https:\/\/colegio.ciamariasantiago.org\/gl\/grazas-portas-abertas-secundaria-2026\/\" \/>\n<meta property=\"og:site_name\" content=\"Colexio Compa\u00f1\u00eda de Mar\u00eda\" \/>\n<meta property=\"article:modified_time\" content=\"2026-02-11T12:46:57+00:00\" \/>\n<meta property=\"og:image\" content=\"http:\/\/colegio.ciamariasantiago.org\/wp-content\/uploads\/elementor\/thumbs\/cropped-favicon-rbascjq0v4ip1jk320ys8lku4jhq5btvqmwn8rhcko.png\" \/>\n<meta name=\"twitter:card\" content=\"summary_large_image\" \/>\n<meta name=\"twitter:label1\" content=\"Tempo de lectura\" \/>\n\t<meta name=\"twitter:data1\" content=\"1 minuto\" \/>\n<script type=\"application\/ld+json\" class=\"yoast-schema-graph\">{\"@context\":\"https:\/\/schema.org\",\"@graph\":[{\"@type\":\"WebPage\",\"@id\":\"https:\/\/colegio.ciamariasantiago.org\/gl\/grazas-portas-abertas-secundaria-2026\/\",\"url\":\"https:\/\/colegio.ciamariasantiago.org\/gl\/grazas-portas-abertas-secundaria-2026\/\",\"name\":\"Grazas Portas Abertas Secundaria 2026 | Colexio Compa\u00f1\u00eda de Mar\u00eda\",\"isPartOf\":{\"@id\":\"https:\/\/colegio.ciamariasantiago.org\/#website\"},\"primaryImageOfPage\":{\"@id\":\"https:\/\/colegio.ciamariasantiago.org\/gl\/grazas-portas-abertas-secundaria-2026\/#primaryimage\"},\"image\":{\"@id\":\"https:\/\/colegio.ciamariasantiago.org\/gl\/grazas-portas-abertas-secundaria-2026\/#primaryimage\"},\"thumbnailUrl\":\"http:\/\/colegio.ciamariasantiago.org\/wp-content\/uploads\/elementor\/thumbs\/cropped-favicon-rbascjq0v4ip1jk320ys8lku4jhq5btvqmwn8rhcko.png\",\"datePublished\":\"2026-02-04T10:34:50+00:00\",\"dateModified\":\"2026-02-11T12:46:57+00:00\",\"breadcrumb\":{\"@id\":\"https:\/\/colegio.ciamariasantiago.org\/gl\/grazas-portas-abertas-secundaria-2026\/#breadcrumb\"},\"inLanguage\":\"gl-ES\",\"potentialAction\":[{\"@type\":\"ReadAction\",\"target\":[\"https:\/\/colegio.ciamariasantiago.org\/gl\/grazas-portas-abertas-secundaria-2026\/\"]}]},{\"@type\":\"ImageObject\",\"inLanguage\":\"gl-ES\",\"@id\":\"https:\/\/colegio.ciamariasantiago.org\/gl\/grazas-portas-abertas-secundaria-2026\/#primaryimage\",\"url\":\"http:\/\/colegio.ciamariasantiago.org\/wp-content\/uploads\/elementor\/thumbs\/cropped-favicon-rbascjq0v4ip1jk320ys8lku4jhq5btvqmwn8rhcko.png\",\"contentUrl\":\"http:\/\/colegio.ciamariasantiago.org\/wp-content\/uploads\/elementor\/thumbs\/cropped-favicon-rbascjq0v4ip1jk320ys8lku4jhq5btvqmwn8rhcko.png\"},{\"@type\":\"BreadcrumbList\",\"@id\":\"https:\/\/colegio.ciamariasantiago.org\/gl\/grazas-portas-abertas-secundaria-2026\/#breadcrumb\",\"itemListElement\":[{\"@type\":\"ListItem\",\"position\":1,\"name\":\"Portada\",\"item\":\"https:\/\/colegio.ciamariasantiago.org\/gl\/\"},{\"@type\":\"ListItem\",\"position\":2,\"name\":\"Grazas Portas Abertas Secundaria 2026\"}]},{\"@type\":\"WebSite\",\"@id\":\"https:\/\/colegio.ciamariasantiago.org\/#website\",\"url\":\"https:\/\/colegio.ciamariasantiago.org\/\",\"name\":\"Colegio Compa\u00f1\u00eda de Mar\u00eda\",\"description\":\"Compa\u00f1\u00eda de Mar\u00eda - Santiago\",\"publisher\":{\"@id\":\"https:\/\/colegio.ciamariasantiago.org\/#organization\"},\"alternateName\":\"Colegio Compa\u00f1\u00eda de Mar\u00eda Santiago de Compostela\",\"potentialAction\":[{\"@type\":\"SearchAction\",\"target\":{\"@type\":\"EntryPoint\",\"urlTemplate\":\"https:\/\/colegio.ciamariasantiago.org\/?s={search_term_string}\"},\"query-input\":{\"@type\":\"PropertyValueSpecification\",\"valueRequired\":true,\"valueName\":\"search_term_string\"}}],\"inLanguage\":\"gl-ES\"},{\"@type\":\"Organization\",\"@id\":\"https:\/\/colegio.ciamariasantiago.org\/#organization\",\"name\":\"Colegio Compa\u00f1\u00eda de Mar\u00eda\",\"alternateName\":\"Compa\u00f1\u00eda de Mar\u00eda - Santiago\",\"url\":\"https:\/\/colegio.ciamariasantiago.org\/\",\"logo\":{\"@type\":\"ImageObject\",\"inLanguage\":\"gl-ES\",\"@id\":\"https:\/\/colegio.ciamariasantiago.org\/#\/schema\/logo\/image\/\",\"url\":\"http:\/\/colegio.ciamariasantiago.org\/wp-content\/uploads\/2024\/03\/cropped-favicon.png\",\"contentUrl\":\"http:\/\/colegio.ciamariasantiago.org\/wp-content\/uploads\/2024\/03\/cropped-favicon.png\",\"width\":512,\"height\":512,\"caption\":\"Colegio Compa\u00f1\u00eda de Mar\u00eda\"},\"image\":{\"@id\":\"https:\/\/colegio.ciamariasantiago.org\/#\/schema\/logo\/image\/\"}}]}<\/script>\n<!-- \/ Yoast SEO plugin. -->","yoast_head_json":{"title":"Grazas Portas Abertas Secundaria 2026 | Colexio Compa\u00f1\u00eda de Mar\u00eda","robots":{"index":"noindex","follow":"nofollow"},"og_locale":"gl_ES","og_type":"article","og_title":"Grazas Portas Abertas Secundaria 2026 | Colexio Compa\u00f1\u00eda de Mar\u00eda","og_description":"GRAZAS! O teu formulario foi enviado correctamente. Contactar\u00e9mosche en breve. Volver","og_url":"https:\/\/colegio.ciamariasantiago.org\/gl\/grazas-portas-abertas-secundaria-2026\/","og_site_name":"Colexio Compa\u00f1\u00eda de Mar\u00eda","article_modified_time":"2026-02-11T12:46:57+00:00","og_image":[{"url":"http:\/\/colegio.ciamariasantiago.org\/wp-content\/uploads\/elementor\/thumbs\/cropped-favicon-rbascjq0v4ip1jk320ys8lku4jhq5btvqmwn8rhcko.png","type":"","width":"","height":""}],"twitter_card":"summary_large_image","twitter_misc":{"Tempo de lectura":"1 minuto"},"schema":{"@context":"https:\/\/schema.org","@graph":[{"@type":"WebPage","@id":"https:\/\/colegio.ciamariasantiago.org\/gl\/grazas-portas-abertas-secundaria-2026\/","url":"https:\/\/colegio.ciamariasantiago.org\/gl\/grazas-portas-abertas-secundaria-2026\/","name":"Grazas Portas Abertas Secundaria 2026 | Colexio Compa\u00f1\u00eda de Mar\u00eda","isPartOf":{"@id":"https:\/\/colegio.ciamariasantiago.org\/#website"},"primaryImageOfPage":{"@id":"https:\/\/colegio.ciamariasantiago.org\/gl\/grazas-portas-abertas-secundaria-2026\/#primaryimage"},"image":{"@id":"https:\/\/colegio.ciamariasantiago.org\/gl\/grazas-portas-abertas-secundaria-2026\/#primaryimage"},"thumbnailUrl":"http:\/\/colegio.ciamariasantiago.org\/wp-content\/uploads\/elementor\/thumbs\/cropped-favicon-rbascjq0v4ip1jk320ys8lku4jhq5btvqmwn8rhcko.png","datePublished":"2026-02-04T10:34:50+00:00","dateModified":"2026-02-11T12:46:57+00:00","breadcrumb":{"@id":"https:\/\/colegio.ciamariasantiago.org\/gl\/grazas-portas-abertas-secundaria-2026\/#breadcrumb"},"inLanguage":"gl-ES","potentialAction":[{"@type":"ReadAction","target":["https:\/\/colegio.ciamariasantiago.org\/gl\/grazas-portas-abertas-secundaria-2026\/"]}]},{"@type":"ImageObject","inLanguage":"gl-ES","@id":"https:\/\/colegio.ciamariasantiago.org\/gl\/grazas-portas-abertas-secundaria-2026\/#primaryimage","url":"http:\/\/colegio.ciamariasantiago.org\/wp-content\/uploads\/elementor\/thumbs\/cropped-favicon-rbascjq0v4ip1jk320ys8lku4jhq5btvqmwn8rhcko.png","contentUrl":"http:\/\/colegio.ciamariasantiago.org\/wp-content\/uploads\/elementor\/thumbs\/cropped-favicon-rbascjq0v4ip1jk320ys8lku4jhq5btvqmwn8rhcko.png"},{"@type":"BreadcrumbList","@id":"https:\/\/colegio.ciamariasantiago.org\/gl\/grazas-portas-abertas-secundaria-2026\/#breadcrumb","itemListElement":[{"@type":"ListItem","position":1,"name":"Portada","item":"https:\/\/colegio.ciamariasantiago.org\/gl\/"},{"@type":"ListItem","position":2,"name":"Grazas Portas Abertas Secundaria 2026"}]},{"@type":"WebSite","@id":"https:\/\/colegio.ciamariasantiago.org\/#website","url":"https:\/\/colegio.ciamariasantiago.org\/","name":"Colegio Compa\u00f1\u00eda de Mar\u00eda","description":"Compa\u00f1\u00eda de Mar\u00eda - Santiago","publisher":{"@id":"https:\/\/colegio.ciamariasantiago.org\/#organization"},"alternateName":"Colegio Compa\u00f1\u00eda de Mar\u00eda Santiago de Compostela","potentialAction":[{"@type":"SearchAction","target":{"@type":"EntryPoint","urlTemplate":"https:\/\/colegio.ciamariasantiago.org\/?s={search_term_string}"},"query-input":{"@type":"PropertyValueSpecification","valueRequired":true,"valueName":"search_term_string"}}],"inLanguage":"gl-ES"},{"@type":"Organization","@id":"https:\/\/colegio.ciamariasantiago.org\/#organization","name":"Colegio Compa\u00f1\u00eda de Mar\u00eda","alternateName":"Compa\u00f1\u00eda de Mar\u00eda - Santiago","url":"https:\/\/colegio.ciamariasantiago.org\/","logo":{"@type":"ImageObject","inLanguage":"gl-ES","@id":"https:\/\/colegio.ciamariasantiago.org\/#\/schema\/logo\/image\/","url":"http:\/\/colegio.ciamariasantiago.org\/wp-content\/uploads\/2024\/03\/cropped-favicon.png","contentUrl":"http:\/\/colegio.ciamariasantiago.org\/wp-content\/uploads\/2024\/03\/cropped-favicon.png","width":512,"height":512,"caption":"Colegio Compa\u00f1\u00eda de Mar\u00eda"},"image":{"@id":"https:\/\/colegio.ciamariasantiago.org\/#\/schema\/logo\/image\/"}}]}},"_links":{"self":[{"href":"https:\/\/colegio.ciamariasantiago.org\/gl\/wp-json\/wp\/v2\/pages\/7560","targetHints":{"allow":["GET"]}}],"collection":[{"href":"https:\/\/colegio.ciamariasantiago.org\/gl\/wp-json\/wp\/v2\/pages"}],"about":[{"href":"https:\/\/colegio.ciamariasantiago.org\/gl\/wp-json\/wp\/v2\/types\/page"}],"author":[{"embeddable":true,"href":"https:\/\/colegio.ciamariasantiago.org\/gl\/wp-json\/wp\/v2\/users\/1"}],"replies":[{"embeddable":true,"href":"https:\/\/colegio.ciamariasantiago.org\/gl\/wp-json\/wp\/v2\/comments?post=7560"}],"version-history":[{"count":5,"href":"https:\/\/colegio.ciamariasantiago.org\/gl\/wp-json\/wp\/v2\/pages\/7560\/revisions"}],"predecessor-version":[{"id":7705,"href":"https:\/\/colegio.ciamariasantiago.org\/gl\/wp-json\/wp\/v2\/pages\/7560\/revisions\/7705"}],"wp:attachment":[{"href":"https:\/\/colegio.ciamariasantiago.org\/gl\/wp-json\/wp\/v2\/media?parent=7560"}],"curies":[{"name":"wp","href":"https:\/\/api.w.org\/{rel}","templated":true}]}}